{"id":14,"date":"2016-11-01T21:25:11","date_gmt":"2016-11-01T20:25:11","guid":{"rendered":"http:\/\/fotoparadies.kniha.de\/?page_id=14"},"modified":"2016-11-01T21:30:26","modified_gmt":"2016-11-01T20:30:26","slug":"ueber-mich","status":"publish","type":"page","link":"https:\/\/fotoparadies.levikn.de\/?page_id=14","title":{"rendered":"\u00dcber mich"},"content":{"rendered":"<p>Herzlich Willkommen auf Levikn&#8217;s Fotoparadies!<\/p>\n<p>Ich bin Levikn und in meiner Freizeit fotografiere ich gerne. Damit die Bilder nicht auf meinem PC verstauben, zeige ich auch hier meine sch\u00f6nsten Bilder. Diese entstanden bei mir zuhause, auf Ausfl\u00fcgen oder einer meiner Urlaubsreisen.<\/p>\n<p>Bilder d\u00fcrfen von euch nur mit der Angabe, dass die Bilder von mir gemacht worden sind, weiter verwendet werden.<\/p>\n<p>&nbsp;<\/p>\n<p>Gerne freue ich mich \u00fcber eine R\u00fcckmeldung, wie euch die Bilder gefallen haben. \u00dcber Inspirationsvorschl\u00e4ge, Lob und Kritik bin ich jederzeit offen.<\/p>\n","protected":false},"excerpt":{"rendered":"<p>Herzlich Willkommen auf Levikn&#8217;s Fotoparadies! Ich bin Levikn und in meiner Freizeit fotografiere ich gerne. Damit die Bilder nicht auf meinem PC verstauben, zeige ich auch hier meine sch\u00f6nsten Bilder. Diese entstanden bei mir zuhause, auf Ausfl\u00fcgen oder einer meiner Urlaubsreisen. Bilder d\u00fcrfen von euch nur mit der Angabe, dass die Bilder von mir gemacht&#8230;<\/p>\n","protected":false},"author":1,"featured_media":0,"parent":0,"menu_order":0,"comment_status":"closed","ping_status":"closed","template":"","meta":[],"_links":{"self":[{"href":"https:\/\/fotoparadies.levikn.de\/index.php?rest_route=\/wp\/v2\/pages\/14"}],"collection":[{"href":"https:\/\/fotoparadies.levikn.de\/index.php?rest_route=\/wp\/v2\/pages"}],"about":[{"href":"https:\/\/fotoparadies.levikn.de\/index.php?rest_route=\/wp\/v2\/types\/page"}],"author":[{"embeddable":true,"href":"https:\/\/fotoparadies.levikn.de\/index.php?rest_route=\/wp\/v2\/users\/1"}],"replies":[{"embeddable":true,"href":"https:\/\/fotoparadies.levikn.de\/index.php?rest_route=%2Fwp%2Fv2%2Fcomments&post=14"}],"version-history":[{"count":5,"href":"https:\/\/fotoparadies.levikn.de\/index.php?rest_route=\/wp\/v2\/pages\/14\/revisions"}],"predecessor-version":[{"id":19,"href":"https:\/\/fotoparadies.levikn.de\/index.php?rest_route=\/wp\/v2\/pages\/14\/revisions\/19"}],"wp:attachment":[{"href":"https:\/\/fotoparadies.levikn.de\/index.php?rest_route=%2Fwp%2Fv2%2Fmedia&parent=14"}],"curies":[{"name":"wp","href":"https:\/\/api.w.org\/{rel}","templated":true}]}}